{"id":7860,"date":"2023-08-10T09:36:32","date_gmt":"2023-08-10T07:36:32","guid":{"rendered":"https:\/\/neu.pension-waldheim.eu\/impressum\/"},"modified":"2023-11-27T15:52:17","modified_gmt":"2023-11-27T13:52:17","slug":"impressum","status":"publish","type":"page","link":"https:\/\/www.pension-waldheim.eu\/it\/impressum\/","title":{"rendered":"Impressum"},"content":{"rendered":"\n<h2 class=\"wp-block-heading has-text-align-center\">Impressum<\/h2>\n\n<div style=\"height:100px\" aria-hidden=\"true\" class=\"wp-block-spacer\"><\/div>\n\n<div class=\"wp-block-columns is-layout-flex wp-container-core-columns-is-layout-9d6595d7 wp-block-columns-is-layout-flex\">\n<div class=\"wp-block-column is-layout-flow wp-block-column-is-layout-flow\">\n<p><strong>Autore del sito internet:<\/strong><\/p>\n\n\n\n<p>Pensione Waldheim&#13;\nOberschmied Rudolf&#13;\nJahrlboden 42&#13;\nI-39030 S. Giovanni&#13;\nValle Aurina \/ Alto Adige&#13;\n+39 347 44 32 760&#13;\n+39 348 78 48 218&#13;\n<a href=\"mailto:info@pension-waldheim.eu\">info@pension-waldheim.eu<\/a><\/p>\n<\/div>\n\n\n\n<div class=\"wp-block-column is-layout-flow wp-block-column-is-layout-flow\">\n<p><strong>Programmazione del sito internet:<\/strong><\/p>\n\n\n\n<p>Contech&#13;\nMolini Zona Industriale 3&#13;\nI-39032 Campo Tures (BZ)&#13;\nAlto Adige&#13;\nwww.contech.it<\/p>\n<\/div>\n\n\n\n<div class=\"wp-block-column is-layout-flow wp-block-column-is-layout-flow\">\n<p><strong>Foto:<\/strong><\/p>\n\n\n\n<ul class=\"wp-block-list\">\n<li>\u00a9 Lukas Auer<\/li>\n\n\n\n<li>\u00a9 TV Ahrntal &#8211; Filippo Galluzzi<\/li>\n\n\n\n<li>\u00a9 TouristInfo Ahrntal\/Valle Aurina &#8211; SandinTaufers\/CampoTures<\/li>\n\n\n\n<li>\u00a9 Alfred Stolzlechner<\/li>\n\n\n\n<li>\u00a9 Manuel Kottersteger<\/li>\n<\/ul>\n<\/div>\n<\/div>\n\n<p><strong>Informazione obbligatoria ai sensi del Regolamento UE n. 524\/2016 del Parlamento europeo e del Consiglio:<\/strong>&#13;\nPiattaforma per la risoluzione delle controversie online dei consumatori (ODR) della Commissione europea: ec.europa.eu\/consumers\/odr<\/p>\n\n<p><strong>Responsabilit\u00e0 per i contenuti<\/strong>&#13;\nIn qualit\u00e0 di fornitore di servizi, siamo responsabili dei nostri contenuti su queste pagine in conformit\u00e0 con le leggi generali. Tuttavia, in qualit\u00e0 di fornitore di servizi, non siamo obbligati a monitorare le informazioni di terzi trasmesse o memorizzate o a indagare su circostanze che indicano attivit\u00e0 illegali.&#13;\nRestano impregiudicati gli obblighi di rimozione o di blocco dell&#8217;utilizzo delle informazioni previsti dalle leggi generali. Tuttavia, una responsabilit\u00e0 in questo senso \u00e8 possibile solo a partire dal momento in cui si viene a conoscenza di una concreta violazione della legge. Se venissimo a conoscenza di eventuali violazioni legali corrispondenti, rimuoveremo immediatamente questo contenuto.<\/p>\n\n<p><strong>Link:<\/strong>&#13;\nInformazioni riguardanti la responsabilit\u00e0: nonostante l&#8217;accurato controllo da parte nostra, non rispondiamo del contenuto di link esterni. Per i contenuti delle pagine collegate sono responsabili i rispettivi gestori.<\/p>\n\n<p><strong>Diritto d&#8217;autore<\/strong>&#13;\nI contenuti e le opere presenti su queste pagine realizzate dai gestori del sito sono soggetti alla normativa italiana sul diritto d&#8217;autore. La riproduzione, l&#8217;elaborazione, la distribuzione e qualsiasi tipo di sfruttamento al di fuori dei limiti della legge sul diritto d&#8217;autore richiedono il consenso scritto del rispettivo autore o creatore. Download e copie di questa pagina sono consentiti solo per uso privato e non commerciale.&#13;\nSe il contenuto di questo sito non \u00e8 stato creato dal gestore, vengono rispettati i diritti d&#8217;autore di terzi. In particolare i contenuti di terzi sono contrassegnati come tali. Se tuttavia dovessi venire a conoscenza di una violazione del diritto d&#8217;autore, ti chiediamo di informarci di conseguenza. Se venissimo a conoscenza di eventuali violazioni legali, rimuoveremo immediatamente tali contenuti.<\/p>\n\n<div style=\"height:100px\" aria-hidden=\"true\" class=\"wp-block-spacer\"><\/div>\n","protected":false},"excerpt":{"rendered":"<p>Impressum Autore del sito internet: Pensione Waldheim&#13; Oberschmied Rudolf&#13; Jahrlboden 42&#13; I-39030 S. Giovanni&#13; Valle Aurina \/ Alto Adige&#13; +39 347 44 32 760&#13; +39 348 78 48 218&#13; info@pension-waldheim.eu Programmazione del sito internet: Contech&#13; Molini Zona Industriale 3&#13; I-39032 Campo Tures (BZ)&#13; Alto Adige&#13; www.contech.it Foto: Informazione obbligatoria ai sensi del Regolamento UE n. [&hellip;]<\/p>\n","protected":false},"author":1,"featured_media":0,"parent":0,"menu_order":0,"comment_status":"closed","ping_status":"closed","template":"","meta":{"footnotes":""},"class_list":["post-7860","page","type-page","status-publish","hentry"],"_links":{"self":[{"href":"https:\/\/www.pension-waldheim.eu\/it\/wp-json\/wp\/v2\/pages\/7860","targetHints":{"allow":["GET"]}}],"collection":[{"href":"https:\/\/www.pension-waldheim.eu\/it\/wp-json\/wp\/v2\/pages"}],"about":[{"href":"https:\/\/www.pension-waldheim.eu\/it\/wp-json\/wp\/v2\/types\/page"}],"author":[{"embeddable":true,"href":"https:\/\/www.pension-waldheim.eu\/it\/wp-json\/wp\/v2\/users\/1"}],"replies":[{"embeddable":true,"href":"https:\/\/www.pension-waldheim.eu\/it\/wp-json\/wp\/v2\/comments?post=7860"}],"version-history":[{"count":0,"href":"https:\/\/www.pension-waldheim.eu\/it\/wp-json\/wp\/v2\/pages\/7860\/revisions"}],"wp:attachment":[{"href":"https:\/\/www.pension-waldheim.eu\/it\/wp-json\/wp\/v2\/media?parent=7860"}],"curies":[{"name":"wp","href":"https:\/\/api.w.org\/{rel}","templated":true}]}}