{"id":7898,"date":"2023-07-12T11:55:03","date_gmt":"2023-07-12T09:55:03","guid":{"rendered":"https:\/\/neu.pension-waldheim.eu\/privacy-policy-2\/"},"modified":"2023-11-27T18:28:51","modified_gmt":"2023-11-27T16:28:51","slug":"privacy-policy","status":"publish","type":"page","link":"https:\/\/www.pension-waldheim.eu\/it\/privacy-policy\/","title":{"rendered":"Privacy Policy"},"content":{"rendered":"\n<h2 class=\"wp-block-heading has-text-align-center\">Informazioni sulla Privacy<\/h2>\n\n<p class=\"has-text-align-center\">dell\u2018azienda Pension Waldheim con sede a I-39030 S. Giovanni in Valle Aurina (BZ),  Via Jahrlboden 42 (in seguito la &#8220;ditta&#8221;)<\/p>\n\n<div style=\"height:100px\" aria-hidden=\"true\" class=\"wp-block-spacer\"><\/div>\n\n<p class=\"has-medium-font-size\">Indice<\/p>\n\n<ol class=\"wp-block-list\">\n<li>Informazioni generali<\/li>\n\n\n\n<li>Dati personali trattati<\/li>\n\n\n\n<li>Finalit\u00e0 del trattamento dei dati<\/li>\n\n\n\n<li>Condizioni di liceit\u00e0 del trattamento<\/li>\n\n\n\n<li>Trasferimento di dati a terzi (responsabili del trattamento)<\/li>\n\n\n\n<li>Durata e modalit\u00e0 del trattamento dei dati personali<\/li>\n\n\n\n<li>Minori<\/li>\n\n\n\n<li>I tuoi diritti<\/li>\n\n\n\n<li>Come contattarci<\/li>\n<\/ol>\n\n<p>*****************<\/p>\n\n<ol class=\"wp-block-list\">\n<li><strong>Informazioni generali<\/strong>\n<ol class=\"wp-block-list\">\n<li>La nostra Azienda si impegna a rispettare la tua privacy e trattiamo i tuoi dati unicamente sulla base del quadro normativo vigente, vale a dire, il regolamento UE nr. 679\/2016 (di seguito \u201eRegolamento\u201c), nonch\u00e9, il decreto legislativo nr. 196\/2003 e successive modifiche.<\/li>\n\n\n\n<li>Nella presente Informativa privacy ti informiamo sugli aspetti pi\u00f9 importanti relativi ai trattamenti di dati personali in merito ai nostri servizi offerti incluso sito internet e negozio online (di seguito \u201cServizi\u201d o \u201cProdotti\u201d)<\/li>\n\n\n\n<li>Tutti i termini indicati nella presente Informativa hanno il significato definito nelle fonti normative di riferimento succitate al punto<\/li>\n<\/ol>\n<\/li>\n\n\n\n<li><strong>Dati personali trattati<\/strong>\n<ol class=\"wp-block-list\">\n<li>Trattiamo i seguenti dati personali, quando usufruisci dei nostri servizi, fai prenotazioni e\/o richieste:\n<ol class=\"wp-block-list\" type=\"a\">\n<li>Cognome e Nome;<\/li>\n\n\n\n<li>Data e Luogo di nascit\u00e0;<\/li>\n\n\n\n<li>Numero di telefono;<\/li>\n\n\n\n<li>Indirizzo E-Mail;<\/li>\n\n\n\n<li>Indirizzo di residenza\/domicilio;<\/li>\n\n\n\n<li>Indirizzo IP;<\/li>\n\n\n\n<li>Numero della carta d\u2019identit\u00e0 e\/o codice fiscale;<\/li>\n\n\n\n<li>Informazioni su come usi i nostri servizi;<\/li>\n\n\n\n<li>dati tecnici, come per es. la URL dalla quale raggiungete il nostro sito, il tuo indirizzo IP, prestazione della tua rete e del tuo PC, tipo di browser adoperato, preferenza linguistica, sistema operativo, ecc.;<\/li>\n\n\n\n<li>dati relativi alla geo-localizzazione, p.es. GPS.<\/li>\n<\/ol>\n<\/li>\n\n\n\n<li>Senza i suindicati dati non possiamo fornire e\/o contabilizzare i servizi e prodotti.<\/li>\n\n\n\n<li>Categorie particolari di dati personali ex Art. 9 GDPR non verranno trattati.<\/li>\n<\/ol>\n<\/li>\n\n\n\n<li><strong>Finalit\u00e0 del trattamento dei dati<\/strong>\n<ol class=\"wp-block-list\">\n<li>Con il trattamento dei su-indicati dati perseguiamo le seguenti finalit\u00e0:\n<ol class=\"wp-block-list\" type=\"a\">\n<li>Attivare\/offrire i Servizi e integrare i Servizi con servizi di terzi,<\/li>\n\n\n\n<li>Fornire i Servizi in linea con i nostri condizioni generali di contratto;&#13;\n<\/li>\n\n\n\n<li>Inviarti messaggi d\u2019errore o comunicazioni;<\/li>\n\n\n\n<li>Informarti su novit\u00e0 e aggiornamenti relativi ai nostri Servizi o alle nostre condizioni generali di contratto;<\/li>\n\n\n\n<li>Migliorare i nostri servizi e svilupparne di nuovi e analizzare le vostre preferenze di navigazione relative ai nostri Servizi;<\/li>\n\n\n\n<li>Invio di newsletter;<\/li>\n\n\n\n<li>Garantire la funzionalit\u00e0 dei nostri Servizi e impedire la fruizione dei nostri Servizi in violazione delle nostre condizioni generali di contratto;<\/li>\n\n\n\n<li>Far valere le nostre condizioni generali di contratto, inclusi i nostri diritti, la nostra propriet\u00e0 e la sicurezza, nonch\u00e9 i diritti, la propriet\u00e0 e la sicurezza di terzi, ove necessario;<\/li>\n\n\n\n<li>rispettare obblighi legali derivanti da regolamenti, norme comunitarie nonch\u00e9 leggi civili e fiscali;<\/li>\n\n\n\n<li>Adempimento di eventuali obblighi contrattuali nei confronti dell\u2019interessato;<\/li>\n\n\n\n<li>Esecuzione di attivit\u00e0 relative al business della nostra azienda come statistiche interne, contabilit\u00e0, liste di clienti \/ fornitori;<\/li>\n\n\n\n<li>Tutela dei crediti e gestione delle passivit\u00e0.<\/li>\n<\/ol>\n<\/li>\n<\/ol>\n<\/li>\n\n\n\n<li><strong>Condizioni di liceit\u00e0 del trattamento<\/strong>\n<ol class=\"wp-block-list\">\n<li>Quando dai il tuo esplicito consenso cliccando l\u2019apposita casella \u201cConsenso al trattamento dei miei dati personali\u201d, dai il tuo esplicito consenso al trattamento dei tuoi dati personali per le finalit\u00e0 indicati al precedente punto 3;<\/li>\n\n\n\n<li>Quando viene stipulato un contratto (anche online), trattiamo i tuoi dati personali per stipulare il contratto di servizi e per eseguirlo;<\/li>\n\n\n\n<li>Il conferimento dei dati per la finalit\u00e0 di legge \u00e8 obbligatorio, in quanto richiesto dalle normative applicabili.<\/li>\n<\/ol>\n<\/li>\n\n\n\n<li><strong>Trasferimento di dati a terzi (responsabili del trattamento)<\/strong>\n<ol class=\"wp-block-list\">\n<li>In relazione agli obiettivi sopra delineati, i tuoi dati personali verranno inoltrati secondo necessit\u00e0:\n<ol class=\"wp-block-list\" type=\"a\">\n<li>Partner commerciali \u2013 partner affidabili che mettono a disposizione informazioni su prodotti e servizi, che possono esserti d\u2019interesse, (in caso di assenso esplicito);<\/li>\n\n\n\n<li>a istituti di credito con i quali la ditta rattiene rapporti commerciali per la gestione di crediti, passivit\u00e0 e intermediazione finanziaria;<\/li>\n\n\n\n<li>Imprese collegate \u2013 imprese che dispongono di propriet\u00e0 in comune con \/ o vengono controllate dalla ditta;<\/li>\n\n\n\n<li>Fornitori di servizi: societ\u00e0 che forniscono servizi per conto dell&#8217;azienda;<\/li>\n\n\n\n<li>Se visiti il nostro sito internet e\/o usufruisci dei nostri servizi, pu\u00f2 essere che giungi ad un sito internet di terzi, ed in tale evenienza pu\u00f2 essere che vengano raccolti e trattati i tuoi dati personali, senza che ci\u00f2 possa essere controllato dalla nostra Azienda. In tali casi, il relativo trattamento operato dal terzo soggiace al regolamento privacy del rispettivo terzo.fornitori di servizi &#8211; aziende che forniscono servizi per conto della ditta;<\/li>\n\n\n\n<li>le forze dell&#8217;ordine &#8211; se siamo obbligati per legge e\/o per proteggere la ditta e i suoi clienti \/ partner commerciali;<\/li>\n\n\n\n<li>a tutte quelle persone fisiche e \/ o giuridiche, pubbliche e \/ o private (uffici di consulenza legale, amministrativa e tributaria, tribunali, camere di commercio, ecc.), ove la spedizione si rivela necessaria e\/o idonea per lo svolgimento dell&#8217;attivit\u00e0;<\/li>\n<\/ol>\n<\/li>\n\n\n\n<li>alle amministrazioni pubbliche e alle autorit\u00e0, se previsto dalla legge;<\/li>\n<\/ol>\n<\/li>\n\n\n\n<li><strong>Durata e modalit\u00e0 del trattamento dei dati personali<\/strong>\n<ol class=\"wp-block-list\">\n<li>Noi trattiamo i tuoi dati personali per un periodo non superiore a dieci anni successivi alla disattivazione dell\u2019account di registrazione e \/o richiesta di cancellazione dei dati.<\/li>\n\n\n\n<li>I dati raccolti per le finalit\u00e0 di marketing sono conservati per un periodo di mesi 12 dalla disattivazione dell\u2019account di registrazione e \/o richiesta di cancellazione dei dati.<\/li>\n\n\n\n<li>I dati raccolti per le finalit\u00e0 di legge sono conservati per un periodo pari alla durata prescritta per ciascuna tipologia di dato dalla legge.<\/li>\n\n\n\n<li>I tuoi dati sono trattati con il supporto di mezzi informatici e telematici e sono protetti attraverso adeguate misure di sicurezza idonee a garantirne la riservatezza e la integrit\u00e0. Per la definizione di \u201cTrattamento dati\u201d si rinvia all\u2019art. 4 comma 1, lett. A) del decreto legislativo 196\/2003. In ogni caso, il trattamento dei dati sar\u00e0 effettuato nel rispetto di tutte le misure di sicurezza che garantiscono la loro sicurezza e segretezza.<\/li>\n<\/ol>\n<\/li>\n\n\n\n<li><strong>Minori<\/strong>\n<ol class=\"wp-block-list\">\n<li>Non offriamo i nostri servizi ai minori di 14 anni. Se sei incaricato di sorvegliare una persona che non ha ancora 14 anni e noti che il minore ci ha trasmesso dati senza il nostro consenso, ti chiediamo di contattarci immediatamente (vedi note legali) affinch\u00e9 possiamo intraprendere un&#8217;azione legale in sede legale. interessi tuoi del minore.<\/li>\n<\/ol>\n<\/li>\n\n\n\n<li><strong>I tuoi diritti<\/strong>\n<ol class=\"wp-block-list\">\n<li>Hai un diritto assoluto di disporre dei tuoi dati personali. La normativa sulla protezione dei dati personali prevede in linea di principio i seguenti diritti: informazione e accesso ai dati personali, rettifica e cancellazione, limitazione, portabilit\u00e0, nonch\u00e9 opposizione al trattamento.<\/li>\n\n\n\n<li>Se ti opponi al trattamento dei tuoi dati, ci\u00f2 non ha un impatto sulla liceit\u00e0 del trattamento precedente a tale opposizione. In alcuni casi, i tuoi dati possono essere trattati anche dopo la tua opposizione al rispettivo trattamento; ci\u00f2 per\u00f2 solo se il trattamento avviene in conformit\u00e0 a una condizione di liceit\u00e0 diversa dal tuo consenso. Si pu\u00f2 sempre opporsi al marketing diretto.<\/li>\n<\/ol>\n<\/li>\n\n\n\n<li><strong>Puoi contattarci utilizzando i dettagli di contatto nelle <u>note legali (Impressum)<\/u>.<\/strong><\/li>\n<\/ol>\n\n<p><strong>Cookies<\/strong>&#13;\n&#13;\nUn cookie \u00e8 un piccolo file di testo che viene memorizzato sul computer del visitatore del sito internet. Ci sono diversi tipi di cookie. Su questo sito vengono utilizzati solo i cosiddetti cookie tecnici, per mezzo delle quali pu\u00f2 essere garantito una maggiore usabilit\u00e0. Tuttavia, il sito non raccoglie alcuna informazione personale sul visitatore.&#13;\nI cosiddetti cookies di sessione (cookie che non vengono memorizzati in modo persistente sul computer del visitatore e vengono cancellati quando si chiude il browser) \u00e8 un identificatore di sessione che viene memorizzato (sono numeri casuali generati dal server web) che consente la navigazione sicura ed efficiente all&#8217;interno del sito.<\/p>\n\n<p><strong>Cookies di terze parti<\/strong>&#13;\nIn relazione a questo sito possono essere salvati anche i cookie di terze parti, come ad esempio I cookie provenienti da social network come Facebook, Google Plus e Twitter. Un esempio potrebbe essere il pulsante &#8220;Mi piace&#8221; di Facebook. Queste terze parti possono salvare questi cookie visitando il nostro sito web quando si \u00e8 effettuato l&#8217;accesso al loro sito web.&#13;\n&#13;\nUsiamo i seguenti cookie:&#13;\ntraffic_source: Performance, durata: 2 anni. Informazioni sulla provenienza del utente.&#13;\n_ga, Google, Performance, durata: 2 anni. utilizzato per differenziare utenti.&#13;\n_gat, Google, Performance, durata: 10 minuti. utilizzato per creare oggetti per il Tracker.&#13;\n_gid, Google, Performance, durata: 24 ore. utilizzato per differenziare utenti.&#13;\n_utma, _utmb, _utmc, _utmd, Google, Statistiche, durata: dati diversi e diversi sulle visite al sito web<\/p>\n\n<p><strong>Server-Log-Files<\/strong>&#13;\nIl fornitore delle pagine raccoglie e memorizza automaticamente informazioni nei cosiddetti file di log del server, che il vostro browser ci trasmette automaticamente. Questi sono:<\/p>\n\n<p>Tipo di browser e versione del browser&#13;\nsistema operativo utilizzato&#13;\nURL di riferimento&#13;\nNome host del computer che accede&#13;\nOra della richiesta del server&#13;\nQuesti dati non possono essere assegnati a persone specifiche. Questi dati non verranno uniti con altre fonti di dati. Ci riserviamo il diritto di verificare successivamente questi dati qualora venissimo a conoscenza di indizi concreti di utilizzo illegale.<\/p>\n\n<p><strong>Modulo di Contatto<\/strong>&#13;\nSe ci invii richieste utilizzando il modulo di contatto, i tuoi dati dal modulo di richiesta, compresi i dettagli di contatto ivi forniti, verranno archiviati da noi per elaborare la richiesta e in caso di domande successive. Non trasmetteremo questi dati senza il tuo consenso.<\/p>\n\n<p><strong>Dati della newsletter<\/strong>&#13;\nSe desideri ricevere la newsletter offerta sul sito web, abbiamo bisogno di un tuo indirizzo email e di informazioni che ci consentano di verificare che sei il proprietario dell&#8217;indirizzo email fornito e che accetti di ricevere la newsletter. Non vengono raccolti ulteriori dati. Utilizziamo questi dati esclusivamente per inviare le informazioni richieste e non le trasmettiamo a terzi.&#13;\nPotete revocare in qualsiasi momento il vostro consenso alla memorizzazione dei dati, dell&#8217;indirizzo e-mail e al loro utilizzo per l&#8217;invio della newsletter, ad esempio tramite il link &#8220;Annulla iscrizione&#8221; presente nella newsletter.<\/p>\n\n<p><strong>Google Analytics<\/strong>&#13;\nQuesto sito web utilizza Google Analytics, un servizio di analisi web fornito da Google, Inc. (\u201cGoogle\u201c). Google Analytics utilizza dei \u201ccookies\u201c, file di testo che vengono memorizzati sul vostro computer e che consentono un&#8217;analisi del vostro utilizzo del sito web. Le informazioni generate dal cookie sull&#8217;utilizzo del sito web (compreso il Vostro indirizzo IP) verranno trasmesse a un server di Google negli Stati Uniti e memorizzate. Google utilizzer\u00e0 queste informazioni per valutare il vostro utilizzo del sito web, compilare report sulle attivit\u00e0 del sito web per gli operatori del sito web e fornire altri relativi servizi web e internet. Google pu\u00f2 anche trasferire queste informazioni a terzi, se non richiesto dalla legge o laddove tali terzi trattino le suddette informazioni per conto di Google. Google non assocer\u00e0 il vostro indirizzo IP a nessun altro dato posseduto da Google. Potete rifiutarvi di usare i cookies selezionando l&#8217;impostazione appropriata sul vostro browser, ma si segnala che in questo caso non si pu\u00f2 utilizzare tutte le funzionalit\u00e0 di questo sito web. Utilizzando il presente sito web, voi acconsentite al trattamento dei Vostri dati da parte di Google per le modalit\u00e0 sopra descritte e per lo scopo di cui sopra.<\/p>\n\n<p><strong>Dichiarazione sulla protezione dei dati per l&#8217;utilizzo di Google Web Fonts<\/strong>&#13;\nPer la visualizzazione uniforme dei caratteri, questa pagina utilizza i cosiddetti web font, forniti da Google. Quando accedi a una pagina, il tuo browser carica i web font necessari nella cache del browser per visualizzare correttamente testi e caratteri. Se il tuo browser non supporta i caratteri web, il tuo computer utilizzer\u00e0 un carattere standard.&#13;\nUlteriori informazioni su Google Web Fonts sono disponibili su https:\/\/developers.google.com\/fonts\/faq e nell&#8217;informativa sulla privacy di Google: https:\/\/www.google.com\/policies\/privacy\/<\/p>\n\n<p><strong>Dichiarazione sulla protezione dei dati per l&#8217;utilizzo di Google Adsense<\/strong>&#13;\nQuesto sito web utilizza Google AdSense, un servizio per l&#8217;integrazione della pubblicit\u00e0 di Google Inc. (&#8220;Google&#8221;). Il fornitore \u00e8 Google Inc., 1600 Amphitheatre Parkway Mountain View, CA 94043, USA.&#13;\nGoogle AdSense utilizza i cosiddetti &#8220;cookie&#8221;, file di testo che vengono memorizzati sul vostro computer e che consentono l&#8217;analisi dell&#8217;utilizzo del sito web. Google AdSense utilizza anche i cosiddetti web beacon (grafica invisibile). Questi web beacon possono essere utilizzati per valutare informazioni come il traffico dei visitatori su queste pagine.&#13;\nLe informazioni generate dai cookie e dai web beacon sull&#8217;utilizzo di questo sito web (compreso il vostro indirizzo IP) e sulla consegna dei formati pubblicitari vengono trasmesse a un server di Google negli Stati Uniti e ivi memorizzate. Queste informazioni possono essere trasmesse da Google ai partner contrattuali di Google. Tuttavia, Google non combiner\u00e0 il tuo indirizzo IP con altri dati memorizzati su di te.&#13;\nPotete impedire l&#8217;installazione dei cookie impostando di conseguenza il software del vostro browser; Le facciamo per\u00f2 notare che in questo caso forse non sar\u00e0 possibile utilizzare tutte le funzioni di questo sito web in modo completo. Utilizzando questo sito web acconsentite al trattamento dei dati raccolti su di voi da parte di Google nel modo e per lo scopo sopra descritti.<\/p>\n\n<p><strong>Informativa sulla privacy per il remarketing cross-device<\/strong>&#13;\nI nostri siti web utilizzano le funzioni di remarketing di Google Analytics insieme alle funzioni cross-device di Google AdWords e Google DoubleClick. Il fornitore \u00e8 Google Inc. 1600 Amphitheatre Parkway Mountain View, CA 94043, USA.&#13;\nQuesta funzione consente di collegare i gruppi target pubblicitari creati con Google Analytics Remarketing con le funzioni cross-device di Google AdWords e Google DoubleClick. In questo modo \u00e8 possibile visualizzare messaggi pubblicitari personalizzati, basati sugli interessi e adattati a voi su un dispositivo (ad es. cellulare) in base al vostro precedente utilizzo e comportamento di navigazione, anche su un altro dei vostri dispositivi (ad es. tablet o PC).&#13;\nSe hai dato il tuo consenso, Google collegher\u00e0 a questo scopo la cronologia del tuo browser web e delle app al tuo account Google. In questo modo gli stessi messaggi pubblicitari personalizzati potranno essere visualizzati su ogni dispositivo su cui accedi con il tuo account Google.&#13;\nPer supportare questa funzione, Google Analytics raccoglie gli ID utente autenticati da Google, che sono temporaneamente collegati ai nostri dati di Google Analytics per definire e creare gruppi target per la pubblicit\u00e0 cross-device.&#13;\nPuoi disattivare in modo permanente il remarketing\/targeting cross-device disattivando la pubblicit\u00e0 personalizzata nel tuo account Google; Per fare ci\u00f2, segui questo link: https:\/\/www.google.com\/settings\/ads\/onweb\/&#13;\nUlteriori informazioni e norme sulla protezione dei dati si trovano nella dichiarazione sulla protezione dei dati di Google all&#8217;indirizzo: https:\/\/www.google.com\/policies\/technologies\/ads\/<\/p>\n\n<p><strong>Memorizzazione dell&#8217;indirizzo IP<\/strong>&#13;\nLa nostra funzione di commento memorizza gli indirizzi IP degli utenti che scrivono commenti. Poich\u00e9 non controlliamo i commenti sul nostro sito prima che vengano attivati, abbiamo bisogno di questi dati per poter agire contro l&#8217;autore in caso di violazioni legali come insulti o propaganda.<\/p>\n\n<p><strong>Crittografia SSL<\/strong>&#13;\nQuesto sito utilizza la crittografia SSL per motivi di sicurezza e per proteggere la trasmissione di contenuti riservati, come le richieste che ci invii come operatore del sito. Potete riconoscere una connessione crittografata dalla riga dell&#8217;indirizzo del browser che cambia da &#8220;http:\/\/&#8221; a &#8220;https:\/\/&#8221; e dal simbolo del lucchetto nella riga del browser.&#13;\nSe la crittografia SSL \u00e8 attivata, i dati che ci trasmettete non possono essere letti da terzi.<\/p>\n\n<p><strong>Trattamento dei dati (dati del cliente e del contratto)<\/strong>&#13;\nRaccogliamo, elaboriamo e utilizziamo i dati personali solo nella misura in cui ci\u00f2 \u00e8 necessario per l&#8217;instaurazione, il contenuto o la modifica del rapporto giuridico (dati di inventario). Raccogliamo, elaboriamo e utilizziamo i dati personali sull&#8217;utilizzo del nostro sito web (dati di utilizzo) solo nella misura necessaria per consentire all&#8217;utente di utilizzare il servizio o di fatturarlo.<\/p>\n\n<p><strong>Trasferimento di dati al momento della conclusione di un contratto per servizi e contenuti digitali<\/strong>&#13;\nTrasmettiamo i dati personali a terzi solo se ci\u00f2 \u00e8 necessario nell&#8217;ambito dell&#8217;elaborazione del contratto, ad esempio all&#8217;istituto di credito responsabile dell&#8217;elaborazione dei pagamenti.&#13;\nI dati non verranno ulteriormente trasmessi o verranno trasmessi solo se avete espressamente acconsentito alla trasmissione. I tuoi dati non verranno trasmessi a terzi senza il tuo esplicito consenso, ad esempio per scopi pubblicitari.<\/p>\n\n<p><strong>Informazioni, cancellazione, blocco<\/strong>&#13;\nAvete il diritto in qualsiasi momento di ottenere gratuitamente informazioni sui vostri dati personali memorizzati, sulla loro origine, sul destinatario e sullo scopo del trattamento dei dati, nonch\u00e9 il diritto di correggere, bloccare o cancellare questi dati. Potete contattarci in qualsiasi momento all&#8217;indirizzo indicato nelle note legali a questo scopo o per ulteriori domande in materia di dati personali.<\/p>\n\n<p><strong>Contraddizione delle email pubblicitarie<\/strong>&#13;\nCon la presente si contesta l&#8217;utilizzo dei dati di contatto pubblicati nell&#8217;ambito dell&#8217;obbligo di colophon per l&#8217;invio di materiale pubblicitario e informativo non richiesto. Gli operatori delle pagine si riservano espressamente il diritto di intraprendere azioni legali in caso di invio di informazioni pubblicitarie non richieste, come ad esempio e-mail di spam.<\/p>\n\n<div style=\"height:100px\" aria-hidden=\"true\" class=\"wp-block-spacer\"><\/div>\n","protected":false},"excerpt":{"rendered":"<p>Informazioni sulla Privacy dell\u2018azienda Pension Waldheim con sede a I-39030 S. Giovanni in Valle Aurina (BZ), Via Jahrlboden 42 (in seguito la &#8220;ditta&#8221;) Indice ***************** Cookies&#13; &#13; Un cookie \u00e8 un piccolo file di testo che viene memorizzato sul computer del visitatore del sito internet. Ci sono diversi tipi di cookie. Su questo sito vengono [&hellip;]<\/p>\n","protected":false},"author":1,"featured_media":0,"parent":0,"menu_order":0,"comment_status":"closed","ping_status":"open","template":"","meta":{"footnotes":""},"class_list":["post-7898","page","type-page","status-publish","hentry"],"_links":{"self":[{"href":"https:\/\/www.pension-waldheim.eu\/it\/wp-json\/wp\/v2\/pages\/7898","targetHints":{"allow":["GET"]}}],"collection":[{"href":"https:\/\/www.pension-waldheim.eu\/it\/wp-json\/wp\/v2\/pages"}],"about":[{"href":"https:\/\/www.pension-waldheim.eu\/it\/wp-json\/wp\/v2\/types\/page"}],"author":[{"embeddable":true,"href":"https:\/\/www.pension-waldheim.eu\/it\/wp-json\/wp\/v2\/users\/1"}],"replies":[{"embeddable":true,"href":"https:\/\/www.pension-waldheim.eu\/it\/wp-json\/wp\/v2\/comments?post=7898"}],"version-history":[{"count":0,"href":"https:\/\/www.pension-waldheim.eu\/it\/wp-json\/wp\/v2\/pages\/7898\/revisions"}],"wp:attachment":[{"href":"https:\/\/www.pension-waldheim.eu\/it\/wp-json\/wp\/v2\/media?parent=7898"}],"curies":[{"name":"wp","href":"https:\/\/api.w.org\/{rel}","templated":true}]}}